{"id":116,"date":"2025-12-09T14:59:39","date_gmt":"2025-12-09T14:59:39","guid":{"rendered":"https:\/\/casadopovodeareias.pt\/?page_id=116"},"modified":"2025-12-10T12:04:49","modified_gmt":"2025-12-10T12:04:49","slug":"noticias","status":"publish","type":"page","link":"https:\/\/casadopovodeareias.pt\/index.php\/noticias\/","title":{"rendered":"Not\u00edcias"},"content":{"rendered":"\t\t<div data-elementor-type=\"wp-page\" data-elementor-id=\"116\" class=\"elementor elementor-116\">\n\t\t\t\t<div class=\"elementor-element elementor-element-365c30d e-flex e-con-boxed e-con e-parent\" data-id=\"365c30d\" data-element_type=\"container\">\n\t\t\t\t\t<div class=\"e-con-inner\">\n\t\t\t\t<div class=\"elementor-element elementor-element-def345b elementor-widget elementor-widget-spacer\" data-id=\"def345b\" data-element_type=\"widget\" data-widget_type=\"spacer.default\">\n\t\t\t\t\t\t\t<div class=\"elementor-spacer\">\n\t\t\t<div class=\"elementor-spacer-inner\"><\/div>\n\t\t<\/div>\n\t\t\t\t\t\t<\/div>\n\t\t\t\t\t<\/div>\n\t\t\t\t<\/div>\n\t\t<div class=\"elementor-element elementor-element-5977a56 e-flex e-con-boxed e-con e-parent\" data-id=\"5977a56\" data-element_type=\"container\">\n\t\t\t\t\t<div class=\"e-con-inner\">\n\t\t\t\t<div class=\"elementor-element elementor-element-59cba3b elementor-widget elementor-widget-heading\" data-id=\"59cba3b\" data-element_type=\"widget\" data-widget_type=\"heading.default\">\n\t\t\t\t\t<h2 class=\"elementor-heading-title elementor-size-default\">\ud835\uddd6\ud835\uddee\ud835\uddfa\ud835\uddfd\ud835\uddf2\ud835\uddfc\u0303\ud835\uddf2\ud835\ude00 \ud835\uddf1\ud835\uddee \ud835\uddd6\ud835\uddee\ud835\ude00\ud835\uddee \ud835\uddf1\ud835\uddfc \ud835\udde3\ud835\uddfc\ud835\ude03\ud835\uddfc \ud835\uddf1\ud835\uddf2 \ud835\uddd4\ud835\uddff\ud835\uddf2\ud835\uddf6\ud835\uddee\ud835\ude00 \ud835\uddff\ud835\uddf2\ud835\uddf0\ud835\uddf2\ud835\uddef\ud835\uddf6\ud835\uddf1\ud835\uddfc\ud835\ude00 \ud835\uddfb\ud835\uddee \ud835\uddd6\ud835\uddee\u0302\ud835\uddfa\ud835\uddee\ud835\uddff\ud835\uddee \ud835\udde0\ud835\ude02\ud835\uddfb\ud835\uddf6\ud835\uddf0\ud835\uddf6\ud835\uddfd\ud835\uddee\ud835\uddf9 <\/h2>\t\t\t\t<\/div>\n\t\t\t\t\t<\/div>\n\t\t\t\t<\/div>\n\t\t<div class=\"elementor-element elementor-element-64eeac1 e-flex e-con-boxed e-con e-parent\" data-id=\"64eeac1\" data-element_type=\"container\">\n\t\t\t\t\t<div class=\"e-con-inner\">\n\t\t\t\t<div class=\"elementor-element elementor-element-2101459 elementor-widget elementor-widget-text-editor\" data-id=\"2101459\" data-element_type=\"widget\" data-widget_type=\"text-editor.default\">\n\t\t\t\t\t\t\t\t\t<div dir=\"auto\">O Presidente da C\u00e2mara Municipal de Barcelos recebeu, nos Pa\u00e7os do Concelho, os atletas da Casa do Povo de Areias da modalidade de patinagem, que recentemente conseguiram, em Zurique, na Su\u00ed\u00e7a, brilhantes conquistas, entre elas o t\u00edtulo de campe\u00f5es da Europa de Dan\u00e7a em Pares. Na ocasi\u00e3o, o Presidente, M\u00e1rio Constantino Lopes, congratulou os dirigentes do clube e os atletas pelos t\u00edtulos alcan\u00e7ados e afirmou o orgulho de todos os barcelenses nos seus representantes nestas competi\u00e7\u00f5es internacionais. \u201cQuando voc\u00eas ganham, isso significa que Barcelos tamb\u00e9m ganha, e isso \u00e9 motivo de orgulho para todos n\u00f3s, porque elevam bem alto o nome da nossa cidade e do nosso concelho\u201d, disse.<\/div><div dir=\"auto\">Para o Presidente da Casa do Povo de Areias, Carlos Vale, a rece\u00e7\u00e3o nos Pa\u00e7os do Concelho \u00e9 um \u201cincentivo\u201d para o clube, treinadores e atletas, e afirmou que \u201cos resultados obtidos s\u00e3o um reflexo do empenho, dedica\u00e7\u00e3o e talento dos nossos jovens desportistas, de quem muito nos orgulhamos. Estas conquistas s\u00e3o resultado de um esfor\u00e7o extraordin\u00e1rio n\u00e3o apenas dos atletas, mas tamb\u00e9m dos seus pais e da equipa t\u00e9cnica que os acompanhou ao longo deste percurso. Os nossos treinadores desempenham um papel fundamental na forma\u00e7\u00e3o e desenvolvimento destes jovens talentos, contribuindo assim para o crescimento do desporto em Portugal, e, por isso, estou muito agradecido a todos&#8221;, vincou Carlos Vale.<\/div><div dir=\"auto\">\ud835\udde5\ud835\uddf2\ud835\ude00\ud835\ude02\ud835\uddf9\ud835\ude01\ud835\uddee\ud835\uddf1\ud835\uddfc\ud835\ude00 \ud835\uddee\ud835\uddf9\ud835\uddf0\ud835\uddee\ud835\uddfb\ud835\uddf0\u0327\ud835\uddee\ud835\uddf1\ud835\uddfc\ud835\ude00 \ud835\uddfd\ud835\uddf2\ud835\uddf9\ud835\uddfc\ud835\ude00 \ud835\uddee\ud835\ude01\ud835\uddf9\ud835\uddf2\ud835\ude01\ud835\uddee\ud835\ude00 \ud835\uddfb\ud835\uddee \ud835\udde7\ud835\uddee\ud835\uddf0\u0327\ud835\uddee \ud835\uddf1\ud835\uddee \ud835\uddd8\ud835\ude02\ud835\uddff\ud835\uddfc\ud835\uddfd\ud835\uddee \ud835\uddf2\ud835\uddfa \ud835\udde3\ud835\uddee\ud835\ude01\ud835\uddf6\ud835\uddfb\ud835\uddee\ud835\uddf4\ud835\uddf2\ud835\uddfa<\/div><div dir=\"auto\">\ud835\uddd6\ud835\uddee\ud835\ude01\ud835\uddee\ud835\uddff\ud835\uddf6\ud835\uddfb\ud835\uddee \ud835\uddd6\ud835\uddfc\ud835\uddf2\ud835\uddf9\ud835\uddf5\ud835\uddfc \ud835\uddf2 \ud835\udde7\ud835\uddf6\ud835\uddee\ud835\uddf4\ud835\uddfc \ud835\udddf\ud835\uddf2\ud835\uddf6\ud835\ude01\ud835\uddf2 &#8211; Campe\u00f5es da Europa em Pares de Dan\u00e7a.<\/div><div dir=\"auto\">\ud835\udde7\ud835\uddf6\ud835\uddee\ud835\uddf4\ud835\uddfc \ud835\udddf\ud835\uddf2\ud835\uddf6\ud835\ude01\ud835\uddf2 &#8211; 3.\u00ba lugar em Patinagem Livre.<\/div><div dir=\"auto\">\ud835\udde6\ud835\uddee\ud835\uddff\ud835\uddee \ud835\uddd5\ud835\uddff\ud835\uddee\ud835\uddfb\ud835\uddf0\ud835\uddfc \ud835\uddf2 \ud835\udde7\ud835\uddfc\ud835\uddfa\ud835\uddee\u0301\ud835\ude00 \ud835\uddd9\ud835\uddf2\ud835\uddff\ud835\uddff\ud835\uddf2\ud835\uddf6\ud835\uddff\ud835\uddee &#8211; 3.\u00ba lugar em Pares de Dan\u00e7a Juvenis.<\/div>\t\t\t\t\t\t\t\t<\/div>\n\t\t\t\t\t<\/div>\n\t\t\t\t<\/div>\n\t\t<div class=\"elementor-element elementor-element-5eb4b45 e-flex e-con-boxed e-con e-parent\" data-id=\"5eb4b45\" data-element_type=\"container\">\n\t\t\t\t\t<div class=\"e-con-inner\">\n\t\t\t\t<div class=\"elementor-element elementor-element-d7117fb elementor-widget elementor-widget-spacer\" data-id=\"d7117fb\" data-element_type=\"widget\" data-widget_type=\"spacer.default\">\n\t\t\t\t\t\t\t<div class=\"elementor-spacer\">\n\t\t\t<div class=\"elementor-spacer-inner\"><\/div>\n\t\t<\/div>\n\t\t\t\t\t\t<\/div>\n\t\t\t\t\t<\/div>\n\t\t\t\t<\/div>\n\t\t<div class=\"elementor-element elementor-element-3526458 e-con-full e-transform e-flex e-con e-parent\" data-id=\"3526458\" data-element_type=\"container\" data-settings=\"{&quot;_transform_scale_effect&quot;:{&quot;unit&quot;:&quot;px&quot;,&quot;size&quot;:1.5,&quot;sizes&quot;:[]},&quot;_transform_scale_effect_tablet&quot;:{&quot;unit&quot;:&quot;px&quot;,&quot;size&quot;:&quot;&quot;,&quot;sizes&quot;:[]},&quot;_transform_scale_effect_mobile&quot;:{&quot;unit&quot;:&quot;px&quot;,&quot;size&quot;:&quot;&quot;,&quot;sizes&quot;:[]}}\">\n\t\t\t\t<div class=\"elementor-element elementor-element-ae37472 gallery-spacing-custom elementor-widget elementor-widget-image-gallery\" data-id=\"ae37472\" data-element_type=\"widget\" data-widget_type=\"image-gallery.default\">\n\t\t\t\t\t\t\t<div class=\"elementor-image-gallery\">\n\t\t\t<div id='gallery-1' class='gallery galleryid-116 gallery-columns-2 gallery-size-full'><figure class='gallery-item'>\n\t\t\t<div class='gallery-icon landscape'>\n\t\t\t\t<a  href='https:\/\/casadopovodeareias.pt\/wp-content\/uploads\/2025\/12\/485348614_1072542261578548_5153681543147624580_n.jpg'><img fetchpriority=\"high\" decoding=\"async\" width=\"2048\" height=\"1365\" src=\"https:\/\/casadopovodeareias.pt\/wp-content\/uploads\/2025\/12\/485348614_1072542261578548_5153681543147624580_n.jpg\" class=\"attachment-full size-full\" alt=\"\" srcset=\"https:\/\/casadopovodeareias.pt\/wp-content\/uploads\/2025\/12\/485348614_1072542261578548_5153681543147624580_n.jpg 2048w, https:\/\/casadopovodeareias.pt\/wp-content\/uploads\/2025\/12\/485348614_1072542261578548_5153681543147624580_n-300x200.jpg 300w, https:\/\/casadopovodeareias.pt\/wp-content\/uploads\/2025\/12\/485348614_1072542261578548_5153681543147624580_n-1024x683.jpg 1024w, https:\/\/casadopovodeareias.pt\/wp-content\/uploads\/2025\/12\/485348614_1072542261578548_5153681543147624580_n-768x512.jpg 768w, https:\/\/casadopovodeareias.pt\/wp-content\/uploads\/2025\/12\/485348614_1072542261578548_5153681543147624580_n-1536x1024.jpg 1536w\" sizes=\"(max-width: 2048px) 100vw, 2048px\" \/><\/a>\n\t\t\t<\/div><\/figure><figure class='gallery-item'>\n\t\t\t<div class='gallery-icon landscape'>\n\t\t\t\t<a  href='https:\/\/casadopovodeareias.pt\/wp-content\/uploads\/2025\/12\/485767930_1072542068245234_3170617029348542712_n.jpg'><img decoding=\"async\" width=\"2048\" height=\"1365\" src=\"https:\/\/casadopovodeareias.pt\/wp-content\/uploads\/2025\/12\/485767930_1072542068245234_3170617029348542712_n.jpg\" class=\"attachment-full size-full\" alt=\"\" srcset=\"https:\/\/casadopovodeareias.pt\/wp-content\/uploads\/2025\/12\/485767930_1072542068245234_3170617029348542712_n.jpg 2048w, https:\/\/casadopovodeareias.pt\/wp-content\/uploads\/2025\/12\/485767930_1072542068245234_3170617029348542712_n-300x200.jpg 300w, https:\/\/casadopovodeareias.pt\/wp-content\/uploads\/2025\/12\/485767930_1072542068245234_3170617029348542712_n-1024x683.jpg 1024w, https:\/\/casadopovodeareias.pt\/wp-content\/uploads\/2025\/12\/485767930_1072542068245234_3170617029348542712_n-768x512.jpg 768w, https:\/\/casadopovodeareias.pt\/wp-content\/uploads\/2025\/12\/485767930_1072542068245234_3170617029348542712_n-1536x1024.jpg 1536w\" sizes=\"(max-width: 2048px) 100vw, 2048px\" \/><\/a>\n\t\t\t<\/div><\/figure>\n\t\t<\/div>\n\t\t<\/div>\n\t\t\t\t\t\t<\/div>\n\t\t\t\t<\/div>\n\t\t<div class=\"elementor-element elementor-element-02ebf15 e-flex e-con-boxed e-con e-parent\" data-id=\"02ebf15\" data-element_type=\"container\">\n\t\t\t\t\t<div class=\"e-con-inner\">\n\t\t\t\t<div class=\"elementor-element elementor-element-500699d elementor-widget elementor-widget-spacer\" data-id=\"500699d\" data-element_type=\"widget\" data-widget_type=\"spacer.default\">\n\t\t\t\t\t\t\t<div class=\"elementor-spacer\">\n\t\t\t<div class=\"elementor-spacer-inner\"><\/div>\n\t\t<\/div>\n\t\t\t\t\t\t<\/div>\n\t\t\t\t\t<\/div>\n\t\t\t\t<\/div>\n\t\t\t\t<\/div>\n\t\t\n    <div class=\"xs_social_share_widget xs_share_url after_content \t\tmain_content  wslu-style-1 wslu-share-box-shaped wslu-fill-colored wslu-none wslu-share-horizontal wslu-theme-font-no wslu-main_content\">\n\n\t\t\n        <ul>\n\t\t\t        <\/ul>\n    <\/div> \n","protected":false},"excerpt":{"rendered":"<p>\ud835\uddd6\ud835\uddee\ud835\uddfa\ud835\uddfd\ud835\uddf2\ud835\uddfc\u0303\ud835\uddf2\ud835\ude00 \ud835\uddf1\ud835\uddee \ud835\uddd6\ud835\uddee\ud835\ude00\ud835\uddee \ud835\uddf1\ud835\uddfc \ud835\udde3\ud835\uddfc\ud835\ude03\ud835\uddfc \ud835\uddf1\ud835\uddf2 \ud835\uddd4\ud835\uddff\ud835\uddf2\ud835\uddf6\ud835\uddee\ud835\ude00 \ud835\uddff\ud835\uddf2\ud835\uddf0\ud835\uddf2\ud835\uddef\ud835\uddf6\ud835\uddf1\ud835\uddfc\ud835\ude00 \ud835\uddfb\ud835\uddee \ud835\uddd6\ud835\uddee\u0302\ud835\uddfa\ud835\uddee\ud835\uddff\ud835\uddee \ud835\udde0\ud835\ude02\ud835\uddfb\ud835\uddf6\ud835\uddf0\ud835\uddf6\ud835\uddfd\ud835\uddee\ud835\uddf9 O Presidente da C\u00e2mara Municipal de Barcelos recebeu, nos Pa\u00e7os do Concelho, os atletas da Casa do Povo de Areias da modalidade de patinagem, que recentemente conseguiram, em Zurique, na Su\u00ed\u00e7a, brilhantes conquistas, entre elas o t\u00edtulo de campe\u00f5es da Europa de Dan\u00e7a em [&hellip;]<\/p>\n","protected":false},"author":1,"featured_media":0,"parent":0,"menu_order":0,"comment_status":"closed","ping_status":"closed","template":"page-no-title","meta":{"postBodyCss":"","postBodyMargin":[],"postBodyPadding":[],"postBodyBackground":{"backgroundType":"classic","gradient":""},"footnotes":""},"class_list":["post-116","page","type-page","status-publish","hentry"],"_links":{"self":[{"href":"https:\/\/casadopovodeareias.pt\/index.php\/wp-json\/wp\/v2\/pages\/116","targetHints":{"allow":["GET"]}}],"collection":[{"href":"https:\/\/casadopovodeareias.pt\/index.php\/wp-json\/wp\/v2\/pages"}],"about":[{"href":"https:\/\/casadopovodeareias.pt\/index.php\/wp-json\/wp\/v2\/types\/page"}],"author":[{"embeddable":true,"href":"https:\/\/casadopovodeareias.pt\/index.php\/wp-json\/wp\/v2\/users\/1"}],"replies":[{"embeddable":true,"href":"https:\/\/casadopovodeareias.pt\/index.php\/wp-json\/wp\/v2\/comments?post=116"}],"version-history":[{"count":46,"href":"https:\/\/casadopovodeareias.pt\/index.php\/wp-json\/wp\/v2\/pages\/116\/revisions"}],"predecessor-version":[{"id":449,"href":"https:\/\/casadopovodeareias.pt\/index.php\/wp-json\/wp\/v2\/pages\/116\/revisions\/449"}],"wp:attachment":[{"href":"https:\/\/casadopovodeareias.pt\/index.php\/wp-json\/wp\/v2\/media?parent=116"}],"curies":[{"name":"wp","href":"https:\/\/api.w.org\/{rel}","templated":true}]}}